{"id":7401,"date":"2022-11-21T20:12:59","date_gmt":"2022-11-21T18:12:59","guid":{"rendered":"https:\/\/bcacc.eu\/?page_id=7401"},"modified":"2023-03-20T15:21:13","modified_gmt":"2023-03-20T13:21:13","slug":"liikmed","status":"publish","type":"page","link":"https:\/\/bcacc.eu\/en\/liikmed\/","title":{"rendered":"Liikmed"},"content":{"rendered":"<div class=\"vc_row wpb_row vc_row-fluid\"><div class=\"wpb_column vc_column_container vc_col-sm-12\"><div class=\"vc_column-inner\"><div class=\"wpb_wrapper\">\n\t<div class=\"wpb_text_column wpb_content_element\" >\n\t\t<div class=\"wpb_wrapper\">\n\t\t\t<p>Liikmeks astumise vormi leiad siit: (<a href=\"https:\/\/bcacc.eu\/wp-content\/uploads\/2023\/02\/Avaldus-application-2023-EE.pdf\">.pdf<\/a>); (<a href=\"https:\/\/bcacc.eu\/wp-content\/uploads\/2023\/02\/Avaldus-application-2023-EE-1.docx\">.doc<\/a>).\u00a0<em><br \/>\nLae fail alla, t\u00e4ida \u00e4ra, allkirjasta (elektrooniliselt) ja saada e-mailile <a href=\"mailto:info@bcacc.eu\">info@bcacc.eu<\/a><\/em><\/p>\n<p>&nbsp;<\/p>\n<p><strong>Mida pakume liikmetele?<\/strong><\/p>\n<ol>\n<li>Olla osa sarnaste huvidega kogukonnast, kus p\u00f5him\u00f5tteks on kogemuste ja info kogumine ja jagamine. Omavahelist informaalset ja vaba suhtlust.<\/li>\n<li>Infot ja koost\u00f6\u00f6pakkumisi vastavalt tegevusalale ja sihtgrupile (kaubad, teenused, investeeringud). Koda valideerib v\u00f5imalusel potentsiaalsed \u00e4ripartnerid lisaks erinevatele andmebaasidele ka enda tegevusv\u00f5rgustiku kaudu.<\/li>\n<li>Edendame liikmeskonna omavahelist koost\u00f6\u00f6d ja \u00fchishuve, aitame kaasa nende probleemide lahendamisel l\u00e4bi B2B ja B2G suhtluse ja kontaktide valitsus- ja valitsusv\u00e4liste organisatsioonidega.<\/li>\n<li>Anname nii Balti kui Kesk-Aasia liikmetele ning nende partneritele\u00a0 ettev\u00f5tte asutamiseks ja turgudel tegutsemiseks n\u00f5u ja leiame partnerid.<\/li>\n<li>\u00c4ripartneri otsing kaupade, teenuste impordiks ja ekspordiks; ettev\u00f5tte loomine sihtriigis; \u00f5igusabi; logistika; viisainfo; kinnisvara \u00fc\u00fcri- ja m\u00fc\u00fcgi ning kolimisteenuste info ja usaldusv\u00e4\u00e4rsete teenusepakkujate leidmine; e-residentsus; riikide turuinfo (vajadusel ka sektorite kirjeldus ja l\u00fchianal\u00fc\u00fcs); majanduse- ja \u00e4rikeskkonna \u00fclevaated; reisikorraldus;\u00a0 s\u00fcndmuste ja \u00e4rivisiitide korraldus jne.<\/li>\n<li>Kontakte haridus- ja akadeemiliste ning kultuuriringkondadega.<\/li>\n<li>Regiooni uudiseid ja s\u00fcndmuste kajastusi sotsiaalmeedia v\u00f5rgus.<\/li>\n<\/ol>\n<p><strong>Liikmetasud<\/strong><\/p>\n<ol>\n<li>T\u00e4isliige \u2013 250EUR\/a<\/li>\n<li>Ettev\u00f5tted\/organisatsioonid \u00fcle 200 t\u00f6\u00f6tajaga \u2013 500 EUR\/a<\/li>\n<li>Mittetulundusorganisatsioon &#8211; 150 EUR\/a<\/li>\n<li>\u00dcksikisik &#8211; 100 EUR\/a<\/li>\n<\/ol>\n\n\t\t<\/div>\n\t<\/div>\n<\/div><\/div><\/div><\/div>","protected":false},"excerpt":{"rendered":"Liikmeks astumise vormi leiad siit: (.pdf); (.doc).\u00a0 Lae fail alla, t\u00e4ida \u00e4ra, allkirjasta (elektrooniliselt) ja saada e-mailile info@bcacc.eu &nbsp; Mida pakume liikmetele? Olla osa sarnaste huvidega kogukonnast, kus p\u00f5him\u00f5tteks on kogemuste ja info kogumine ja jagamine. Omavahelist informaalset ja vaba suhtlust. Infot ja koost\u00f6\u00f6pakkumisi vastavalt tegevusalale ja sihtgrupile (kaubad, teenused, investeeringud). Koda valideerib v\u00f5imalusel potentsiaalsed","protected":false},"author":4,"featured_media":0,"parent":0,"menu_order":0,"comment_status":"closed","ping_status":"closed","template":"","meta":{"footnotes":""},"class_list":["post-7401","page","type-page","status-publish","hentry"],"yoast_head":"<!-- This site is optimized with the Yoast SEO plugin v23.1 - https:\/\/yoast.com\/wordpress\/plugins\/seo\/ -->\n<title>Liikmed - Balti Kesk-Aasia Kaubanduskoda<\/title>\n<meta name=\"robots\" content=\"index, follow, max-snippet:-1, max-image-preview:large, max-video-preview:-1\" \/>\n<link rel=\"canonical\" href=\"https:\/\/bcacc.eu\/en\/liikmed\/\" \/>\n<meta property=\"og:locale\" content=\"en_US\" \/>\n<meta property=\"og:type\" content=\"article\" \/>\n<meta property=\"og:title\" content=\"Liikmed - Balti Kesk-Aasia Kaubanduskoda\" \/>\n<meta property=\"og:url\" content=\"https:\/\/bcacc.eu\/en\/liikmed\/\" \/>\n<meta property=\"og:site_name\" content=\"Balti Kesk-Aasia Kaubanduskoda\" \/>\n<meta property=\"article:publisher\" content=\"https:\/\/facebook.com\/bcacc\" \/>\n<meta property=\"article:modified_time\" content=\"2023-03-20T13:21:13+00:00\" \/>\n<meta property=\"og:image\" content=\"https:\/\/bcacc.eu\/wp-content\/uploads\/2022\/11\/BCACC-logo-ilma-taustata.png\" \/>\n\t<meta property=\"og:image:width\" content=\"688\" \/>\n\t<meta property=\"og:image:height\" content=\"688\" \/>\n\t<meta property=\"og:image:type\" content=\"image\/png\" \/>\n<meta name=\"twitter:card\" content=\"summary_large_image\" \/>\n<meta name=\"twitter:label1\" content=\"Est. reading time\" \/>\n\t<meta name=\"twitter:data1\" content=\"1 minute\" \/>\n<script type=\"application\/ld+json\" class=\"yoast-schema-graph\">{\"@context\":\"https:\/\/schema.org\",\"@graph\":[{\"@type\":\"WebPage\",\"@id\":\"https:\/\/bcacc.eu\/liikmed\/\",\"url\":\"https:\/\/bcacc.eu\/liikmed\/\",\"name\":\"Liikmed - Balti Kesk-Aasia Kaubanduskoda\",\"isPartOf\":{\"@id\":\"https:\/\/bcacc.eu\/#website\"},\"datePublished\":\"2022-11-21T18:12:59+00:00\",\"dateModified\":\"2023-03-20T13:21:13+00:00\",\"breadcrumb\":{\"@id\":\"https:\/\/bcacc.eu\/liikmed\/#breadcrumb\"},\"inLanguage\":\"en-US\",\"potentialAction\":[{\"@type\":\"ReadAction\",\"target\":[\"https:\/\/bcacc.eu\/liikmed\/\"]}]},{\"@type\":\"BreadcrumbList\",\"@id\":\"https:\/\/bcacc.eu\/liikmed\/#breadcrumb\",\"itemListElement\":[{\"@type\":\"ListItem\",\"position\":1,\"name\":\"Home\",\"item\":\"https:\/\/bcacc.eu\/\"},{\"@type\":\"ListItem\",\"position\":2,\"name\":\"Liikmed\"}]},{\"@type\":\"WebSite\",\"@id\":\"https:\/\/bcacc.eu\/#website\",\"url\":\"https:\/\/bcacc.eu\/\",\"name\":\"Balti Kesk-Aasia Kaubanduskoda\",\"description\":\"Business and people network\",\"publisher\":{\"@id\":\"https:\/\/bcacc.eu\/#organization\"},\"alternateName\":\"Baltic Central-Asia Chamber of Commerce\",\"potentialAction\":[{\"@type\":\"SearchAction\",\"target\":{\"@type\":\"EntryPoint\",\"urlTemplate\":\"https:\/\/bcacc.eu\/?s={search_term_string}\"},\"query-input\":\"required name=search_term_string\"}],\"inLanguage\":\"en-US\"},{\"@type\":\"Organization\",\"@id\":\"https:\/\/bcacc.eu\/#organization\",\"name\":\"Baltic Central Asia Chamber of Commerce\",\"alternateName\":\"Balti Kesk-Aasia kaubanduskoda MT\u00dc\",\"url\":\"https:\/\/bcacc.eu\/\",\"logo\":{\"@type\":\"ImageObject\",\"inLanguage\":\"en-US\",\"@id\":\"https:\/\/bcacc.eu\/#\/schema\/logo\/image\/\",\"url\":\"https:\/\/bcacc.eu\/wp-content\/uploads\/2022\/11\/BCACC-logo-ilma-taustata.png\",\"contentUrl\":\"https:\/\/bcacc.eu\/wp-content\/uploads\/2022\/11\/BCACC-logo-ilma-taustata.png\",\"width\":688,\"height\":688,\"caption\":\"Baltic Central Asia Chamber of Commerce\"},\"image\":{\"@id\":\"https:\/\/bcacc.eu\/#\/schema\/logo\/image\/\"},\"sameAs\":[\"https:\/\/facebook.com\/bcacc\"]}]}<\/script>\n<!-- \/ Yoast SEO plugin. -->","yoast_head_json":{"title":"Liikmed - Balti Kesk-Aasia Kaubanduskoda","robots":{"index":"index","follow":"follow","max-snippet":"max-snippet:-1","max-image-preview":"max-image-preview:large","max-video-preview":"max-video-preview:-1"},"canonical":"https:\/\/bcacc.eu\/en\/liikmed\/","og_locale":"en_US","og_type":"article","og_title":"Liikmed - Balti Kesk-Aasia Kaubanduskoda","og_url":"https:\/\/bcacc.eu\/en\/liikmed\/","og_site_name":"Balti Kesk-Aasia Kaubanduskoda","article_publisher":"https:\/\/facebook.com\/bcacc","article_modified_time":"2023-03-20T13:21:13+00:00","og_image":[{"width":688,"height":688,"url":"https:\/\/bcacc.eu\/wp-content\/uploads\/2022\/11\/BCACC-logo-ilma-taustata.png","type":"image\/png"}],"twitter_card":"summary_large_image","twitter_misc":{"Est. reading time":"1 minute"},"schema":{"@context":"https:\/\/schema.org","@graph":[{"@type":"WebPage","@id":"https:\/\/bcacc.eu\/liikmed\/","url":"https:\/\/bcacc.eu\/liikmed\/","name":"Liikmed - Balti Kesk-Aasia Kaubanduskoda","isPartOf":{"@id":"https:\/\/bcacc.eu\/#website"},"datePublished":"2022-11-21T18:12:59+00:00","dateModified":"2023-03-20T13:21:13+00:00","breadcrumb":{"@id":"https:\/\/bcacc.eu\/liikmed\/#breadcrumb"},"inLanguage":"en-US","potentialAction":[{"@type":"ReadAction","target":["https:\/\/bcacc.eu\/liikmed\/"]}]},{"@type":"BreadcrumbList","@id":"https:\/\/bcacc.eu\/liikmed\/#breadcrumb","itemListElement":[{"@type":"ListItem","position":1,"name":"Home","item":"https:\/\/bcacc.eu\/"},{"@type":"ListItem","position":2,"name":"Liikmed"}]},{"@type":"WebSite","@id":"https:\/\/bcacc.eu\/#website","url":"https:\/\/bcacc.eu\/","name":"Balti Kesk-Aasia Kaubanduskoda","description":"Business and people network","publisher":{"@id":"https:\/\/bcacc.eu\/#organization"},"alternateName":"Baltic Central-Asia Chamber of Commerce","potentialAction":[{"@type":"SearchAction","target":{"@type":"EntryPoint","urlTemplate":"https:\/\/bcacc.eu\/?s={search_term_string}"},"query-input":"required name=search_term_string"}],"inLanguage":"en-US"},{"@type":"Organization","@id":"https:\/\/bcacc.eu\/#organization","name":"Baltic Central Asia Chamber of Commerce","alternateName":"Balti Kesk-Aasia kaubanduskoda MT\u00dc","url":"https:\/\/bcacc.eu\/","logo":{"@type":"ImageObject","inLanguage":"en-US","@id":"https:\/\/bcacc.eu\/#\/schema\/logo\/image\/","url":"https:\/\/bcacc.eu\/wp-content\/uploads\/2022\/11\/BCACC-logo-ilma-taustata.png","contentUrl":"https:\/\/bcacc.eu\/wp-content\/uploads\/2022\/11\/BCACC-logo-ilma-taustata.png","width":688,"height":688,"caption":"Baltic Central Asia Chamber of Commerce"},"image":{"@id":"https:\/\/bcacc.eu\/#\/schema\/logo\/image\/"},"sameAs":["https:\/\/facebook.com\/bcacc"]}]}},"jetpack_sharing_enabled":true,"_links":{"self":[{"href":"https:\/\/bcacc.eu\/en\/wp-json\/wp\/v2\/pages\/7401","targetHints":{"allow":["GET"]}}],"collection":[{"href":"https:\/\/bcacc.eu\/en\/wp-json\/wp\/v2\/pages"}],"about":[{"href":"https:\/\/bcacc.eu\/en\/wp-json\/wp\/v2\/types\/page"}],"author":[{"embeddable":true,"href":"https:\/\/bcacc.eu\/en\/wp-json\/wp\/v2\/users\/4"}],"replies":[{"embeddable":true,"href":"https:\/\/bcacc.eu\/en\/wp-json\/wp\/v2\/comments?post=7401"}],"version-history":[{"count":15,"href":"https:\/\/bcacc.eu\/en\/wp-json\/wp\/v2\/pages\/7401\/revisions"}],"predecessor-version":[{"id":7528,"href":"https:\/\/bcacc.eu\/en\/wp-json\/wp\/v2\/pages\/7401\/revisions\/7528"}],"wp:attachment":[{"href":"https:\/\/bcacc.eu\/en\/wp-json\/wp\/v2\/media?parent=7401"}],"curies":[{"name":"wp","href":"https:\/\/api.w.org\/{rel}","templated":true}]}}