{"id":7123,"date":"2020-04-02T15:43:01","date_gmt":"2020-04-02T15:43:01","guid":{"rendered":"https:\/\/bcacc.eu\/?page_id=7123"},"modified":"2023-04-09T21:21:00","modified_gmt":"2023-04-09T19:21:00","slug":"koostoopartnerid","status":"publish","type":"page","link":"https:\/\/bcacc.eu\/en\/koostoopartnerid\/","title":{"rendered":"Liikmed ja partnerid"},"content":{"rendered":"<div class=\"vc_row wpb_row vc_row-fluid\"><div class=\"wpb_animate_when_almost_visible wpb_fadeInDown fadeInDown wpb_column vc_column_container vc_col-sm-12\"><div class=\"vc_column-inner\"><div class=\"wpb_wrapper\"><div class=\"vc_custom_heading text_align_left\" ><h2 style=\"text-align: left\" class=\"consulting-custom-title\">Liikmed ja koost\u00f6\u00f6partnerid<\/h2><\/div><div class=\"stm_partner style_2\">\n            <div class=\"image\">\n            <img loading=\"lazy\" decoding=\"async\" data-src=\"https:\/\/bcacc.eu\/wp-content\/uploads\/2022\/11\/EAS-KREDEX-200x120.jpg\" width=\"200\" height=\"120\" alt=\"EAS-KREDEX\" title=\"EAS-KREDEX\" src=\"data:image\/gif;base64,R0lGODlhAQABAAAAACH5BAEKAAEALAAAAAABAAEAAAICTAEAOw==\" class=\"lazyload\" style=\"--smush-placeholder-width: 200px; --smush-placeholder-aspect-ratio: 200\/120;\" \/><noscript><img loading=\"lazy\" decoding=\"async\" class=\"\" src=\"https:\/\/bcacc.eu\/wp-content\/uploads\/2022\/11\/EAS-KREDEX-200x120.jpg\" width=\"200\" height=\"120\" alt=\"EAS-KREDEX\" title=\"EAS-KREDEX\" \/><\/noscript>        <\/div>\n        <div class=\"stm_partner_content\">\n                                                                        <h4 class=\"no_stripe\"><a href=\"https:\/\/www.eas.ee\/\" target=\"_blank\">EAS + Kredex<\/a><\/h4>\n                                                                <div class=\"description\">Enterprise Estonia \/ Eesti Ettev\u00f5tluse Sihtasutus + KREDEX<\/div>\n                    <\/div>\n<\/div><div class=\"stm_partner vc_custom_1681068024438 style_2\">\n            <div class=\"image\">\n            <img loading=\"lazy\" decoding=\"async\" data-src=\"https:\/\/bcacc.eu\/wp-content\/uploads\/2023\/02\/Hansavest-logo-150-200x100.png\" width=\"200\" height=\"100\" alt=\"Hansavest-logo-150\" title=\"Hansavest-logo-150\" src=\"data:image\/gif;base64,R0lGODlhAQABAAAAACH5BAEKAAEALAAAAAABAAEAAAICTAEAOw==\" class=\"lazyload\" style=\"--smush-placeholder-width: 200px; --smush-placeholder-aspect-ratio: 200\/100;\" \/><noscript><img loading=\"lazy\" decoding=\"async\" class=\"\" src=\"https:\/\/bcacc.eu\/wp-content\/uploads\/2023\/02\/Hansavest-logo-150-200x100.png\" width=\"200\" height=\"100\" alt=\"Hansavest-logo-150\" title=\"Hansavest-logo-150\" \/><\/noscript>        <\/div>\n        <div class=\"stm_partner_content\">\n                                                                        <h4 class=\"no_stripe\"><a href=\"https:\/\/hansavest.com\/\" target=\"_blank\">Hansavest O\u00dc<\/a><\/h4>\n                                                                <div class=\"description\">Hansavest O\u00dc. Workforce Rental. T\u00f6\u00f6j\u00f5u terviklahendused. Full member of BCACC t\u00e4isliige.<\/div>\n                    <\/div>\n<\/div><div class=\"stm_partner vc_custom_1681067997317 style_2\">\n            <div class=\"image\">\n            <img loading=\"lazy\" decoding=\"async\" data-src=\"https:\/\/bcacc.eu\/wp-content\/uploads\/2023\/04\/transpario-logo-1.jpg\" width=\"198\" height=\"95\" alt=\"transpario-logo (1)\" title=\"transpario-logo (1)\" src=\"data:image\/gif;base64,R0lGODlhAQABAAAAACH5BAEKAAEALAAAAAABAAEAAAICTAEAOw==\" class=\"lazyload\" style=\"--smush-placeholder-width: 198px; --smush-placeholder-aspect-ratio: 198\/95;\" \/><noscript><img loading=\"lazy\" decoding=\"async\" class=\"\" src=\"https:\/\/bcacc.eu\/wp-content\/uploads\/2023\/04\/transpario-logo-1.jpg\" width=\"198\" height=\"95\" alt=\"transpario-logo (1)\" title=\"transpario-logo (1)\" \/><\/noscript>        <\/div>\n        <div class=\"stm_partner_content\">\n                                                                        <h4 class=\"no_stripe\"><a href=\"https:\/\/transpario.ee\/\" target=\"_blank\">Transpario O\u00dc<\/a><\/h4>\n                                                                <div class=\"description\">Transpario O\u00dc. Building and interior glass wholesale company in the Baltic-Nordic region. Full member. BCACC t\u00e4isliige.<\/div>\n                    <\/div>\n<\/div><div class=\"stm_partner vc_custom_1669303537294 style_2\">\n            <div class=\"image\">\n            <img loading=\"lazy\" decoding=\"async\" data-src=\"https:\/\/bcacc.eu\/wp-content\/uploads\/2022\/11\/ICC_Estonia_BLACK_RGB_300dpi-200x120.png\" width=\"200\" height=\"120\" alt=\"ICC_Estonia_BLACK_RGB_300dpi\" title=\"ICC_Estonia_BLACK_RGB_300dpi\" src=\"data:image\/gif;base64,R0lGODlhAQABAAAAACH5BAEKAAEALAAAAAABAAEAAAICTAEAOw==\" class=\"lazyload\" style=\"--smush-placeholder-width: 200px; --smush-placeholder-aspect-ratio: 200\/120;\" \/><noscript><img loading=\"lazy\" decoding=\"async\" class=\"\" src=\"https:\/\/bcacc.eu\/wp-content\/uploads\/2022\/11\/ICC_Estonia_BLACK_RGB_300dpi-200x120.png\" width=\"200\" height=\"120\" alt=\"ICC_Estonia_BLACK_RGB_300dpi\" title=\"ICC_Estonia_BLACK_RGB_300dpi\" \/><\/noscript>        <\/div>\n        <div class=\"stm_partner_content\">\n                                                                        <h4 class=\"no_stripe\"><a href=\"https:\/\/icc-estonia.ee\/\" target=\"_blank\">ICC<\/a><\/h4>\n                                                                <div class=\"description\">International Chamber of Commerce, Estonia<\/div>\n                    <\/div>\n<\/div><div class=\"stm-spacing\" id=\"stm-spacing-6a006250ebfd1\"><\/div>\n<script>\n    (function($){\n        \"use strict\";\n        var spacingID = 'stm-spacing-6a006250ebfd1',\n            lgSpacing = '30',\n            mdSpacing = '30',\n            smSpacing = '30',\n            xsSpacing = '30';\n\n        function stmSpacing() {\n            if ( window.matchMedia(\"(min-width: 1200px)\").matches && lgSpacing ) {\n                $( '#' + spacingID ).css ( \"height\", lgSpacing );\n            } else if ( window.matchMedia(\"(max-width: 1199px) and (min-width: 992px )\").matches && mdSpacing ) {\n                $( '#' + spacingID ).css ( \"height\", mdSpacing );\n            } else if ( window.matchMedia(\"(max-width: 991px) and (min-width: 768px )\").matches && smSpacing ) {\n                $( '#' + spacingID ).css ( \"height\", smSpacing );\n            } else if ( window.matchMedia(\"(max-width: 767px)\").matches && xsSpacing ) {\n                $( '#' + spacingID ).css ( \"height\", xsSpacing );\n            } else {\n                $( '#' + spacingID ).css ( \"height\", \"\" );\n            }\n        }\n\n        $(document).ready(function() {\n            stmSpacing();\n        });\n\n        $(window).resize(function() {\n            stmSpacing();\n        });\n\n    })(jQuery);\n<\/script><div class=\"stm-spacing\" id=\"stm-spacing-6a006250ec1a2\"><\/div>\n<script>\n    (function($){\n        \"use strict\";\n        var spacingID = 'stm-spacing-6a006250ec1a2',\n            lgSpacing = '30',\n            mdSpacing = '30',\n            smSpacing = '30',\n            xsSpacing = '30';\n\n        function stmSpacing() {\n            if ( window.matchMedia(\"(min-width: 1200px)\").matches && lgSpacing ) {\n                $( '#' + spacingID ).css ( \"height\", lgSpacing );\n            } else if ( window.matchMedia(\"(max-width: 1199px) and (min-width: 992px )\").matches && mdSpacing ) {\n                $( '#' + spacingID ).css ( \"height\", mdSpacing );\n            } else if ( window.matchMedia(\"(max-width: 991px) and (min-width: 768px )\").matches && smSpacing ) {\n                $( '#' + spacingID ).css ( \"height\", smSpacing );\n            } else if ( window.matchMedia(\"(max-width: 767px)\").matches && xsSpacing ) {\n                $( '#' + spacingID ).css ( \"height\", xsSpacing );\n            } else {\n                $( '#' + spacingID ).css ( \"height\", \"\" );\n            }\n        }\n\n        $(document).ready(function() {\n            stmSpacing();\n        });\n\n        $(window).resize(function() {\n            stmSpacing();\n        });\n\n    })(jQuery);\n<\/script><div class=\"stm_partner style_2\">\n            <div class=\"image\">\n            <img loading=\"lazy\" decoding=\"async\" width=\"738\" height=\"324\" data-src=\"https:\/\/bcacc.eu\/wp-content\/uploads\/2021\/01\/Juhani_logo.jpg\" class=\"attachment-full lazyload\" alt=\"\" data-srcset=\"https:\/\/bcacc.eu\/wp-content\/uploads\/2021\/01\/Juhani_logo.jpg 738w, https:\/\/bcacc.eu\/wp-content\/uploads\/2021\/01\/Juhani_logo-300x132.jpg 300w, https:\/\/bcacc.eu\/wp-content\/uploads\/2021\/01\/Juhani_logo-16x7.jpg 16w\" data-sizes=\"auto, (max-width: 738px) 100vw, 738px\" src=\"data:image\/gif;base64,R0lGODlhAQABAAAAACH5BAEKAAEALAAAAAABAAEAAAICTAEAOw==\" style=\"--smush-placeholder-width: 738px; --smush-placeholder-aspect-ratio: 738\/324;\" \/><noscript><img loading=\"lazy\" decoding=\"async\" width=\"738\" height=\"324\" src=\"https:\/\/bcacc.eu\/wp-content\/uploads\/2021\/01\/Juhani_logo.jpg\" class=\"attachment-full\" alt=\"\" srcset=\"https:\/\/bcacc.eu\/wp-content\/uploads\/2021\/01\/Juhani_logo.jpg 738w, https:\/\/bcacc.eu\/wp-content\/uploads\/2021\/01\/Juhani_logo-300x132.jpg 300w, https:\/\/bcacc.eu\/wp-content\/uploads\/2021\/01\/Juhani_logo-16x7.jpg 16w\" sizes=\"auto, (max-width: 738px) 100vw, 738px\" \/><\/noscript>        <\/div>\n        <div class=\"stm_partner_content\">\n                                                                        <h4 class=\"no_stripe\"><a href=\"http:\/\/www.juhani.ee\/\" target=\"_blank\">Juhani Engineering<\/a><\/h4>\n                                                                <\/div>\n<\/div><div class=\"stm-spacing\" id=\"stm-spacing-6a006250ec3c3\"><\/div>\n<script>\n    (function($){\n        \"use strict\";\n        var spacingID = 'stm-spacing-6a006250ec3c3',\n            lgSpacing = '30',\n            mdSpacing = '30',\n            smSpacing = '30',\n            xsSpacing = '30';\n\n        function stmSpacing() {\n            if ( window.matchMedia(\"(min-width: 1200px)\").matches && lgSpacing ) {\n                $( '#' + spacingID ).css ( \"height\", lgSpacing );\n            } else if ( window.matchMedia(\"(max-width: 1199px) and (min-width: 992px )\").matches && mdSpacing ) {\n                $( '#' + spacingID ).css ( \"height\", mdSpacing );\n            } else if ( window.matchMedia(\"(max-width: 991px) and (min-width: 768px )\").matches && smSpacing ) {\n                $( '#' + spacingID ).css ( \"height\", smSpacing );\n            } else if ( window.matchMedia(\"(max-width: 767px)\").matches && xsSpacing ) {\n                $( '#' + spacingID ).css ( \"height\", xsSpacing );\n            } else {\n                $( '#' + spacingID ).css ( \"height\", \"\" );\n            }\n        }\n\n        $(document).ready(function() {\n            stmSpacing();\n        });\n\n        $(window).resize(function() {\n            stmSpacing();\n        });\n\n    })(jQuery);\n<\/script><div class=\"stm_partner style_2\">\n            <div class=\"image\">\n            <img loading=\"lazy\" decoding=\"async\" width=\"1117\" height=\"685\" data-src=\"https:\/\/bcacc.eu\/wp-content\/uploads\/2021\/01\/BTH-Logo.png\" class=\"attachment-full lazyload\" alt=\"\" data-srcset=\"https:\/\/bcacc.eu\/wp-content\/uploads\/2021\/01\/BTH-Logo.png 1117w, https:\/\/bcacc.eu\/wp-content\/uploads\/2021\/01\/BTH-Logo-300x184.png 300w, https:\/\/bcacc.eu\/wp-content\/uploads\/2021\/01\/BTH-Logo-1024x628.png 1024w, https:\/\/bcacc.eu\/wp-content\/uploads\/2021\/01\/BTH-Logo-768x471.png 768w, https:\/\/bcacc.eu\/wp-content\/uploads\/2021\/01\/BTH-Logo-16x10.png 16w, https:\/\/bcacc.eu\/wp-content\/uploads\/2021\/01\/BTH-Logo-900x552.png 900w\" data-sizes=\"auto, (max-width: 1117px) 100vw, 1117px\" src=\"data:image\/gif;base64,R0lGODlhAQABAAAAACH5BAEKAAEALAAAAAABAAEAAAICTAEAOw==\" style=\"--smush-placeholder-width: 1117px; --smush-placeholder-aspect-ratio: 1117\/685;\" \/><noscript><img loading=\"lazy\" decoding=\"async\" width=\"1117\" height=\"685\" src=\"https:\/\/bcacc.eu\/wp-content\/uploads\/2021\/01\/BTH-Logo.png\" class=\"attachment-full\" alt=\"\" srcset=\"https:\/\/bcacc.eu\/wp-content\/uploads\/2021\/01\/BTH-Logo.png 1117w, https:\/\/bcacc.eu\/wp-content\/uploads\/2021\/01\/BTH-Logo-300x184.png 300w, https:\/\/bcacc.eu\/wp-content\/uploads\/2021\/01\/BTH-Logo-1024x628.png 1024w, https:\/\/bcacc.eu\/wp-content\/uploads\/2021\/01\/BTH-Logo-768x471.png 768w, https:\/\/bcacc.eu\/wp-content\/uploads\/2021\/01\/BTH-Logo-16x10.png 16w, https:\/\/bcacc.eu\/wp-content\/uploads\/2021\/01\/BTH-Logo-900x552.png 900w\" sizes=\"auto, (max-width: 1117px) 100vw, 1117px\" \/><\/noscript>        <\/div>\n        <div class=\"stm_partner_content\">\n                                                        <h4 class=\"no_stripe\">Baltic Trade House<\/h4>\n                                                                <\/div>\n<\/div><div class=\"stm_partner vc_custom_1669303488523 style_2\">\n            <div class=\"image\">\n            <img loading=\"lazy\" decoding=\"async\" width=\"638\" height=\"317\" data-src=\"https:\/\/bcacc.eu\/wp-content\/uploads\/2021\/01\/Logo-1.png\" class=\"attachment-full lazyload\" alt=\"\" data-srcset=\"https:\/\/bcacc.eu\/wp-content\/uploads\/2021\/01\/Logo-1.png 638w, https:\/\/bcacc.eu\/wp-content\/uploads\/2021\/01\/Logo-1-300x149.png 300w, https:\/\/bcacc.eu\/wp-content\/uploads\/2021\/01\/Logo-1-16x8.png 16w\" data-sizes=\"auto, (max-width: 638px) 100vw, 638px\" src=\"data:image\/gif;base64,R0lGODlhAQABAAAAACH5BAEKAAEALAAAAAABAAEAAAICTAEAOw==\" style=\"--smush-placeholder-width: 638px; --smush-placeholder-aspect-ratio: 638\/317;\" \/><noscript><img loading=\"lazy\" decoding=\"async\" width=\"638\" height=\"317\" src=\"https:\/\/bcacc.eu\/wp-content\/uploads\/2021\/01\/Logo-1.png\" class=\"attachment-full\" alt=\"\" srcset=\"https:\/\/bcacc.eu\/wp-content\/uploads\/2021\/01\/Logo-1.png 638w, https:\/\/bcacc.eu\/wp-content\/uploads\/2021\/01\/Logo-1-300x149.png 300w, https:\/\/bcacc.eu\/wp-content\/uploads\/2021\/01\/Logo-1-16x8.png 16w\" sizes=\"auto, (max-width: 638px) 100vw, 638px\" \/><\/noscript>        <\/div>\n        <div class=\"stm_partner_content\">\n                                                        <h4 class=\"no_stripe\">DigiHub International<\/h4>\n                                                                <\/div>\n<\/div><div class=\"stm-spacing\" id=\"stm-spacing-6a006250ec6cc\"><\/div>\n<script>\n    (function($){\n        \"use strict\";\n        var spacingID = 'stm-spacing-6a006250ec6cc',\n            lgSpacing = '30',\n            mdSpacing = '30',\n            smSpacing = '30',\n            xsSpacing = '30';\n\n        function stmSpacing() {\n            if ( window.matchMedia(\"(min-width: 1200px)\").matches && lgSpacing ) {\n                $( '#' + spacingID ).css ( \"height\", lgSpacing );\n            } else if ( window.matchMedia(\"(max-width: 1199px) and (min-width: 992px )\").matches && mdSpacing ) {\n                $( '#' + spacingID ).css ( \"height\", mdSpacing );\n            } else if ( window.matchMedia(\"(max-width: 991px) and (min-width: 768px )\").matches && smSpacing ) {\n                $( '#' + spacingID ).css ( \"height\", smSpacing );\n            } else if ( window.matchMedia(\"(max-width: 767px)\").matches && xsSpacing ) {\n                $( '#' + spacingID ).css ( \"height\", xsSpacing );\n            } else {\n                $( '#' + spacingID ).css ( \"height\", \"\" );\n            }\n        }\n\n        $(document).ready(function() {\n            stmSpacing();\n        });\n\n        $(window).resize(function() {\n            stmSpacing();\n        });\n\n    })(jQuery);\n<\/script><div class=\"stm_partner style_2\">\n            <div class=\"image\">\n            <img loading=\"lazy\" decoding=\"async\" width=\"849\" height=\"510\" data-src=\"https:\/\/bcacc.eu\/wp-content\/uploads\/2021\/01\/SCANDIC_GENERAL_logo.jpg\" class=\"attachment-full lazyload\" alt=\"\" data-srcset=\"https:\/\/bcacc.eu\/wp-content\/uploads\/2021\/01\/SCANDIC_GENERAL_logo.jpg 849w, https:\/\/bcacc.eu\/wp-content\/uploads\/2021\/01\/SCANDIC_GENERAL_logo-300x180.jpg 300w, https:\/\/bcacc.eu\/wp-content\/uploads\/2021\/01\/SCANDIC_GENERAL_logo-768x461.jpg 768w, https:\/\/bcacc.eu\/wp-content\/uploads\/2021\/01\/SCANDIC_GENERAL_logo-16x10.jpg 16w\" data-sizes=\"auto, (max-width: 849px) 100vw, 849px\" src=\"data:image\/gif;base64,R0lGODlhAQABAAAAACH5BAEKAAEALAAAAAABAAEAAAICTAEAOw==\" style=\"--smush-placeholder-width: 849px; --smush-placeholder-aspect-ratio: 849\/510;\" \/><noscript><img loading=\"lazy\" decoding=\"async\" width=\"849\" height=\"510\" src=\"https:\/\/bcacc.eu\/wp-content\/uploads\/2021\/01\/SCANDIC_GENERAL_logo.jpg\" class=\"attachment-full\" alt=\"\" srcset=\"https:\/\/bcacc.eu\/wp-content\/uploads\/2021\/01\/SCANDIC_GENERAL_logo.jpg 849w, https:\/\/bcacc.eu\/wp-content\/uploads\/2021\/01\/SCANDIC_GENERAL_logo-300x180.jpg 300w, https:\/\/bcacc.eu\/wp-content\/uploads\/2021\/01\/SCANDIC_GENERAL_logo-768x461.jpg 768w, https:\/\/bcacc.eu\/wp-content\/uploads\/2021\/01\/SCANDIC_GENERAL_logo-16x10.jpg 16w\" sizes=\"auto, (max-width: 849px) 100vw, 849px\" \/><\/noscript>        <\/div>\n        <div class=\"stm_partner_content\">\n                                                        <h4 class=\"no_stripe\">Scandic General<\/h4>\n                                                                <\/div>\n<\/div><\/div><\/div><\/div><\/div><div class=\"vc_row wpb_row vc_row-fluid\"><div class=\"wpb_column vc_column_container vc_col-sm-12\"><div class=\"vc_column-inner\"><div class=\"wpb_wrapper\"><div class=\"stm-spacing\" id=\"stm-spacing-6a006250eca60\"><\/div>\n<script>\n    (function($){\n        \"use strict\";\n        var spacingID = 'stm-spacing-6a006250eca60',\n            lgSpacing = '',\n            mdSpacing = '',\n            smSpacing = '',\n            xsSpacing = '';\n\n        function stmSpacing() {\n            if ( window.matchMedia(\"(min-width: 1200px)\").matches && lgSpacing ) {\n                $( '#' + spacingID ).css ( \"height\", lgSpacing );\n            } else if ( window.matchMedia(\"(max-width: 1199px) and (min-width: 992px )\").matches && mdSpacing ) {\n                $( '#' + spacingID ).css ( \"height\", mdSpacing );\n            } else if ( window.matchMedia(\"(max-width: 991px) and (min-width: 768px )\").matches && smSpacing ) {\n                $( '#' + spacingID ).css ( \"height\", smSpacing );\n            } else if ( window.matchMedia(\"(max-width: 767px)\").matches && xsSpacing ) {\n                $( '#' + spacingID ).css ( \"height\", xsSpacing );\n            } else {\n                $( '#' + spacingID ).css ( \"height\", \"\" );\n            }\n        }\n\n        $(document).ready(function() {\n            stmSpacing();\n        });\n\n        $(window).resize(function() {\n            stmSpacing();\n        });\n\n    })(jQuery);\n<\/script><\/div><\/div><\/div><\/div>","protected":false},"excerpt":{"rendered":"Liikmed ja koost\u00f6\u00f6partnerid EAS + Kredex Enterprise Estonia \/ Eesti Ettev\u00f5tluse Sihtasutus + KREDEX Hansavest O\u00dc Hansavest O\u00dc. Workforce Rental. T\u00f6\u00f6j\u00f5u terviklahendused. Full member of BCACC t\u00e4isliige. Transpario O\u00dc Transpario O\u00dc. Building and interior glass wholesale company in the Baltic-Nordic region. Full member. BCACC t\u00e4isliige. ICC International Chamber of Commerce, Estonia Juhani Engineering Baltic Trade","protected":false},"author":1,"featured_media":0,"parent":0,"menu_order":0,"comment_status":"closed","ping_status":"closed","template":"","meta":{"footnotes":""},"class_list":["post-7123","page","type-page","status-publish","hentry"],"yoast_head":"<!-- This site is optimized with the Yoast SEO plugin v23.1 - https:\/\/yoast.com\/wordpress\/plugins\/seo\/ -->\n<title>Liikmed ja partnerid - Balti Kesk-Aasia Kaubanduskoda<\/title>\n<meta name=\"robots\" content=\"index, follow, max-snippet:-1, max-image-preview:large, max-video-preview:-1\" \/>\n<link rel=\"canonical\" href=\"https:\/\/bcacc.eu\/en\/koostoopartnerid\/\" \/>\n<meta property=\"og:locale\" content=\"en_US\" \/>\n<meta property=\"og:type\" content=\"article\" \/>\n<meta property=\"og:title\" content=\"Liikmed ja partnerid - Balti Kesk-Aasia Kaubanduskoda\" \/>\n<meta property=\"og:url\" content=\"https:\/\/bcacc.eu\/en\/koostoopartnerid\/\" \/>\n<meta property=\"og:site_name\" content=\"Balti Kesk-Aasia Kaubanduskoda\" \/>\n<meta property=\"article:publisher\" content=\"https:\/\/facebook.com\/bcacc\" \/>\n<meta property=\"article:modified_time\" content=\"2023-04-09T19:21:00+00:00\" \/>\n<meta property=\"og:image\" content=\"https:\/\/bcacc.eu\/wp-content\/uploads\/2022\/11\/BCACC-logo-ilma-taustata.png\" \/>\n\t<meta property=\"og:image:width\" content=\"688\" \/>\n\t<meta property=\"og:image:height\" content=\"688\" \/>\n\t<meta property=\"og:image:type\" content=\"image\/png\" \/>\n<meta name=\"twitter:card\" content=\"summary_large_image\" \/>\n<meta name=\"twitter:label1\" content=\"Est. reading time\" \/>\n\t<meta name=\"twitter:data1\" content=\"1 minute\" \/>\n<script type=\"application\/ld+json\" class=\"yoast-schema-graph\">{\"@context\":\"https:\/\/schema.org\",\"@graph\":[{\"@type\":\"WebPage\",\"@id\":\"https:\/\/bcacc.eu\/koostoopartnerid\/\",\"url\":\"https:\/\/bcacc.eu\/koostoopartnerid\/\",\"name\":\"Liikmed ja partnerid - Balti Kesk-Aasia Kaubanduskoda\",\"isPartOf\":{\"@id\":\"https:\/\/bcacc.eu\/#website\"},\"datePublished\":\"2020-04-02T15:43:01+00:00\",\"dateModified\":\"2023-04-09T19:21:00+00:00\",\"breadcrumb\":{\"@id\":\"https:\/\/bcacc.eu\/koostoopartnerid\/#breadcrumb\"},\"inLanguage\":\"en-US\",\"potentialAction\":[{\"@type\":\"ReadAction\",\"target\":[\"https:\/\/bcacc.eu\/koostoopartnerid\/\"]}]},{\"@type\":\"BreadcrumbList\",\"@id\":\"https:\/\/bcacc.eu\/koostoopartnerid\/#breadcrumb\",\"itemListElement\":[{\"@type\":\"ListItem\",\"position\":1,\"name\":\"Home\",\"item\":\"https:\/\/bcacc.eu\/\"},{\"@type\":\"ListItem\",\"position\":2,\"name\":\"Liikmed ja partnerid\"}]},{\"@type\":\"WebSite\",\"@id\":\"https:\/\/bcacc.eu\/#website\",\"url\":\"https:\/\/bcacc.eu\/\",\"name\":\"Balti Kesk-Aasia Kaubanduskoda\",\"description\":\"Business and people network\",\"publisher\":{\"@id\":\"https:\/\/bcacc.eu\/#organization\"},\"alternateName\":\"Baltic Central-Asia Chamber of Commerce\",\"potentialAction\":[{\"@type\":\"SearchAction\",\"target\":{\"@type\":\"EntryPoint\",\"urlTemplate\":\"https:\/\/bcacc.eu\/?s={search_term_string}\"},\"query-input\":\"required name=search_term_string\"}],\"inLanguage\":\"en-US\"},{\"@type\":\"Organization\",\"@id\":\"https:\/\/bcacc.eu\/#organization\",\"name\":\"Baltic Central Asia Chamber of Commerce\",\"alternateName\":\"Balti Kesk-Aasia kaubanduskoda MT\u00dc\",\"url\":\"https:\/\/bcacc.eu\/\",\"logo\":{\"@type\":\"ImageObject\",\"inLanguage\":\"en-US\",\"@id\":\"https:\/\/bcacc.eu\/#\/schema\/logo\/image\/\",\"url\":\"https:\/\/bcacc.eu\/wp-content\/uploads\/2022\/11\/BCACC-logo-ilma-taustata.png\",\"contentUrl\":\"https:\/\/bcacc.eu\/wp-content\/uploads\/2022\/11\/BCACC-logo-ilma-taustata.png\",\"width\":688,\"height\":688,\"caption\":\"Baltic Central Asia Chamber of Commerce\"},\"image\":{\"@id\":\"https:\/\/bcacc.eu\/#\/schema\/logo\/image\/\"},\"sameAs\":[\"https:\/\/facebook.com\/bcacc\"]}]}<\/script>\n<!-- \/ Yoast SEO plugin. -->","yoast_head_json":{"title":"Liikmed ja partnerid - Balti Kesk-Aasia Kaubanduskoda","robots":{"index":"index","follow":"follow","max-snippet":"max-snippet:-1","max-image-preview":"max-image-preview:large","max-video-preview":"max-video-preview:-1"},"canonical":"https:\/\/bcacc.eu\/en\/koostoopartnerid\/","og_locale":"en_US","og_type":"article","og_title":"Liikmed ja partnerid - Balti Kesk-Aasia Kaubanduskoda","og_url":"https:\/\/bcacc.eu\/en\/koostoopartnerid\/","og_site_name":"Balti Kesk-Aasia Kaubanduskoda","article_publisher":"https:\/\/facebook.com\/bcacc","article_modified_time":"2023-04-09T19:21:00+00:00","og_image":[{"width":688,"height":688,"url":"https:\/\/bcacc.eu\/wp-content\/uploads\/2022\/11\/BCACC-logo-ilma-taustata.png","type":"image\/png"}],"twitter_card":"summary_large_image","twitter_misc":{"Est. reading time":"1 minute"},"schema":{"@context":"https:\/\/schema.org","@graph":[{"@type":"WebPage","@id":"https:\/\/bcacc.eu\/koostoopartnerid\/","url":"https:\/\/bcacc.eu\/koostoopartnerid\/","name":"Liikmed ja partnerid - Balti Kesk-Aasia Kaubanduskoda","isPartOf":{"@id":"https:\/\/bcacc.eu\/#website"},"datePublished":"2020-04-02T15:43:01+00:00","dateModified":"2023-04-09T19:21:00+00:00","breadcrumb":{"@id":"https:\/\/bcacc.eu\/koostoopartnerid\/#breadcrumb"},"inLanguage":"en-US","potentialAction":[{"@type":"ReadAction","target":["https:\/\/bcacc.eu\/koostoopartnerid\/"]}]},{"@type":"BreadcrumbList","@id":"https:\/\/bcacc.eu\/koostoopartnerid\/#breadcrumb","itemListElement":[{"@type":"ListItem","position":1,"name":"Home","item":"https:\/\/bcacc.eu\/"},{"@type":"ListItem","position":2,"name":"Liikmed ja partnerid"}]},{"@type":"WebSite","@id":"https:\/\/bcacc.eu\/#website","url":"https:\/\/bcacc.eu\/","name":"Balti Kesk-Aasia Kaubanduskoda","description":"Business and people network","publisher":{"@id":"https:\/\/bcacc.eu\/#organization"},"alternateName":"Baltic Central-Asia Chamber of Commerce","potentialAction":[{"@type":"SearchAction","target":{"@type":"EntryPoint","urlTemplate":"https:\/\/bcacc.eu\/?s={search_term_string}"},"query-input":"required name=search_term_string"}],"inLanguage":"en-US"},{"@type":"Organization","@id":"https:\/\/bcacc.eu\/#organization","name":"Baltic Central Asia Chamber of Commerce","alternateName":"Balti Kesk-Aasia kaubanduskoda MT\u00dc","url":"https:\/\/bcacc.eu\/","logo":{"@type":"ImageObject","inLanguage":"en-US","@id":"https:\/\/bcacc.eu\/#\/schema\/logo\/image\/","url":"https:\/\/bcacc.eu\/wp-content\/uploads\/2022\/11\/BCACC-logo-ilma-taustata.png","contentUrl":"https:\/\/bcacc.eu\/wp-content\/uploads\/2022\/11\/BCACC-logo-ilma-taustata.png","width":688,"height":688,"caption":"Baltic Central Asia Chamber of Commerce"},"image":{"@id":"https:\/\/bcacc.eu\/#\/schema\/logo\/image\/"},"sameAs":["https:\/\/facebook.com\/bcacc"]}]}},"jetpack_sharing_enabled":true,"_links":{"self":[{"href":"https:\/\/bcacc.eu\/en\/wp-json\/wp\/v2\/pages\/7123","targetHints":{"allow":["GET"]}}],"collection":[{"href":"https:\/\/bcacc.eu\/en\/wp-json\/wp\/v2\/pages"}],"about":[{"href":"https:\/\/bcacc.eu\/en\/wp-json\/wp\/v2\/types\/page"}],"author":[{"embeddable":true,"href":"https:\/\/bcacc.eu\/en\/wp-json\/wp\/v2\/users\/1"}],"replies":[{"embeddable":true,"href":"https:\/\/bcacc.eu\/en\/wp-json\/wp\/v2\/comments?post=7123"}],"version-history":[{"count":33,"href":"https:\/\/bcacc.eu\/en\/wp-json\/wp\/v2\/pages\/7123\/revisions"}],"predecessor-version":[{"id":7535,"href":"https:\/\/bcacc.eu\/en\/wp-json\/wp\/v2\/pages\/7123\/revisions\/7535"}],"wp:attachment":[{"href":"https:\/\/bcacc.eu\/en\/wp-json\/wp\/v2\/media?parent=7123"}],"curies":[{"name":"wp","href":"https:\/\/api.w.org\/{rel}","templated":true}]}}