{"id":6195,"date":"2019-11-22T11:16:32","date_gmt":"2019-11-22T11:16:32","guid":{"rendered":"http:\/\/consulting.stylemixthemes.com\/demo\/?page_id=6195"},"modified":"2023-02-27T15:41:45","modified_gmt":"2023-02-27T13:41:45","slug":"juhatus","status":"publish","type":"page","link":"https:\/\/bcacc.eu\/en\/juhatus\/","title":{"rendered":"Juhatus"},"content":{"rendered":"<div class=\"vc_row wpb_row vc_row-fluid\"><div class=\"wpb_column vc_column_container vc_col-sm-12\"><div class=\"vc_column-inner\"><div class=\"wpb_wrapper\"><div class=\"stm-spacing\" id=\"stm-spacing-6a0599c5211ce\"><\/div>\n<script>\n    (function($){\n        \"use strict\";\n        var spacingID = 'stm-spacing-6a0599c5211ce',\n            lgSpacing = '75',\n            mdSpacing = '75',\n            smSpacing = '75',\n            xsSpacing = '55';\n\n        function stmSpacing() {\n            if ( window.matchMedia(\"(min-width: 1200px)\").matches && lgSpacing ) {\n                $( '#' + spacingID ).css ( \"height\", lgSpacing );\n            } else if ( window.matchMedia(\"(max-width: 1199px) and (min-width: 992px )\").matches && mdSpacing ) {\n                $( '#' + spacingID ).css ( \"height\", mdSpacing );\n            } else if ( window.matchMedia(\"(max-width: 991px) and (min-width: 768px )\").matches && smSpacing ) {\n                $( '#' + spacingID ).css ( \"height\", smSpacing );\n            } else if ( window.matchMedia(\"(max-width: 767px)\").matches && xsSpacing ) {\n                $( '#' + spacingID ).css ( \"height\", xsSpacing );\n            } else {\n                $( '#' + spacingID ).css ( \"height\", \"\" );\n            }\n        }\n\n        $(document).ready(function() {\n            stmSpacing();\n        });\n\n        $(window).resize(function() {\n            stmSpacing();\n        });\n\n    })(jQuery);\n<\/script><\/div><\/div><\/div><\/div><div class=\"vc_row wpb_row vc_row-fluid vc_custom_1585577754775\"><div class=\"wpb_animate_when_almost_visible wpb_fadeInUp fadeInUp wpb_column vc_column_container vc_col-sm-12\"><div class=\"vc_column-inner\"><div class=\"wpb_wrapper\"><div class=\"vc_custom_heading text_align_left\" ><h2 style=\"text-align: left\" class=\"consulting-custom-title\">Raul Uus<\/h2><\/div><div class=\"stm-spacing\" id=\"stm-spacing-6a0599c52153a\"><\/div>\n<script>\n    (function($){\n        \"use strict\";\n        var spacingID = 'stm-spacing-6a0599c52153a',\n            lgSpacing = '17',\n            mdSpacing = '17',\n            smSpacing = '17',\n            xsSpacing = '17';\n\n        function stmSpacing() {\n            if ( window.matchMedia(\"(min-width: 1200px)\").matches && lgSpacing ) {\n                $( '#' + spacingID ).css ( \"height\", lgSpacing );\n            } else if ( window.matchMedia(\"(max-width: 1199px) and (min-width: 992px )\").matches && mdSpacing ) {\n                $( '#' + spacingID ).css ( \"height\", mdSpacing );\n            } else if ( window.matchMedia(\"(max-width: 991px) and (min-width: 768px )\").matches && smSpacing ) {\n                $( '#' + spacingID ).css ( \"height\", smSpacing );\n            } else if ( window.matchMedia(\"(max-width: 767px)\").matches && xsSpacing ) {\n                $( '#' + spacingID ).css ( \"height\", xsSpacing );\n            } else {\n                $( '#' + spacingID ).css ( \"height\", \"\" );\n            }\n        }\n\n        $(document).ready(function() {\n            stmSpacing();\n        });\n\n        $(window).resize(function() {\n            stmSpacing();\n        });\n\n    })(jQuery);\n<\/script>\n\t<div class=\"wpb_text_column wpb_content_element\" >\n\t\t<div class=\"wpb_wrapper\">\n\t\t\t<p>Raul Uus on ettev\u00f5tjana aastaid tegutsenud Kesk-Aasia piirkonnas ning seega vahetult n\u00e4inud potentsiaali sealsetel turgudel koost\u00f6\u00f6 arendamiseks erinevates valdkondades. Olles pidevas kontaktis saatkondade ning diplomaatidega on selge, et Baltikumi ja Kesk-Aasia piirkonna ettev\u00f5tjatel ja ametiasutustel on koost\u00f6\u00f6 edendamiseks vaja esindusorganisatsiooni. \u00c4ri- ja suhtlustavad on antud riikides v\u00e4ga erinevad ning vajavad paindlikku l\u00e4henemist. Sellest ajendatuna sai 2019. aastal loodud MT\u00dc Balti Kesk-Aasia Kaubanduskoda, mis loob, koondab ja hoiab majandus-, haridus- ja kultuurialaseid kontakte.<\/p>\n\n\t\t<\/div>\n\t<\/div>\n<div class=\"stm-spacing\" id=\"stm-spacing-6a0599c5215bc\"><\/div>\n<script>\n    (function($){\n        \"use strict\";\n        var spacingID = 'stm-spacing-6a0599c5215bc',\n            lgSpacing = '50',\n            mdSpacing = '50',\n            smSpacing = '50',\n            xsSpacing = '30';\n\n        function stmSpacing() {\n            if ( window.matchMedia(\"(min-width: 1200px)\").matches && lgSpacing ) {\n                $( '#' + spacingID ).css ( \"height\", lgSpacing );\n            } else if ( window.matchMedia(\"(max-width: 1199px) and (min-width: 992px )\").matches && mdSpacing ) {\n                $( '#' + spacingID ).css ( \"height\", mdSpacing );\n            } else if ( window.matchMedia(\"(max-width: 991px) and (min-width: 768px )\").matches && smSpacing ) {\n                $( '#' + spacingID ).css ( \"height\", smSpacing );\n            } else if ( window.matchMedia(\"(max-width: 767px)\").matches && xsSpacing ) {\n                $( '#' + spacingID ).css ( \"height\", xsSpacing );\n            } else {\n                $( '#' + spacingID ).css ( \"height\", \"\" );\n            }\n        }\n\n        $(document).ready(function() {\n            stmSpacing();\n        });\n\n        $(window).resize(function() {\n            stmSpacing();\n        });\n\n    })(jQuery);\n<\/script><\/div><\/div><\/div><\/div><div class=\"vc_row wpb_row vc_row-fluid vc_custom_1585577754775\"><div class=\"wpb_animate_when_almost_visible wpb_fadeInUp fadeInUp wpb_column vc_column_container vc_col-sm-12\"><div class=\"vc_column-inner\"><div class=\"wpb_wrapper\"><div class=\"vc_custom_heading text_align_left\" ><h2 style=\"text-align: left\" class=\"consulting-custom-title\">Heiti M\u00e4emees <\/h2><\/div><div class=\"stm-spacing\" id=\"stm-spacing-6a0599c521753\"><\/div>\n<script>\n    (function($){\n        \"use strict\";\n        var spacingID = 'stm-spacing-6a0599c521753',\n            lgSpacing = '17',\n            mdSpacing = '17',\n            smSpacing = '17',\n            xsSpacing = '17';\n\n        function stmSpacing() {\n            if ( window.matchMedia(\"(min-width: 1200px)\").matches && lgSpacing ) {\n                $( '#' + spacingID ).css ( \"height\", lgSpacing );\n            } else if ( window.matchMedia(\"(max-width: 1199px) and (min-width: 992px )\").matches && mdSpacing ) {\n                $( '#' + spacingID ).css ( \"height\", mdSpacing );\n            } else if ( window.matchMedia(\"(max-width: 991px) and (min-width: 768px )\").matches && smSpacing ) {\n                $( '#' + spacingID ).css ( \"height\", smSpacing );\n            } else if ( window.matchMedia(\"(max-width: 767px)\").matches && xsSpacing ) {\n                $( '#' + spacingID ).css ( \"height\", xsSpacing );\n            } else {\n                $( '#' + spacingID ).css ( \"height\", \"\" );\n            }\n        }\n\n        $(document).ready(function() {\n            stmSpacing();\n        });\n\n        $(window).resize(function() {\n            stmSpacing();\n        });\n\n    })(jQuery);\n<\/script>\n\t<div class=\"wpb_text_column wpb_content_element\" >\n\t\t<div class=\"wpb_wrapper\">\n\t\t\t<p>Heiti M\u00e4emees on pikaajaline diplomaat, kes on t\u00f6\u00f6tanud Eesti erinevates v\u00e4lisesindustes alates aastast 1995. Olles t\u00f6\u00f6tanud majandusn\u00f5unikuna Poolas ja Ukrainas ning esinduse juhi ja suursaadikuna Kasahstanis aastatel 2017-2021 on tal kogemus nii avaliku kui valitsusv\u00e4lise sektori koost\u00f6\u00f6v\u00f5imalustest ettev\u00f5tetega. P\u00f5hjus, miks Heiti otsustas liituda koja juhatusega on soov panustada Balti Kesk-Aasia Kaubanduskoja missiooni ja eesm\u00e4rkide t\u00e4itmisesse,\u00a0 luues ja arendades eri tegevusvaldkondade vahelist suhtlus ja tegevusv\u00f5rgustikku.<\/p>\n\n\t\t<\/div>\n\t<\/div>\n<div class=\"stm-spacing\" id=\"stm-spacing-6a0599c5217ad\"><\/div>\n<script>\n    (function($){\n        \"use strict\";\n        var spacingID = 'stm-spacing-6a0599c5217ad',\n            lgSpacing = '50',\n            mdSpacing = '50',\n            smSpacing = '50',\n            xsSpacing = '30';\n\n        function stmSpacing() {\n            if ( window.matchMedia(\"(min-width: 1200px)\").matches && lgSpacing ) {\n                $( '#' + spacingID ).css ( \"height\", lgSpacing );\n            } else if ( window.matchMedia(\"(max-width: 1199px) and (min-width: 992px )\").matches && mdSpacing ) {\n                $( '#' + spacingID ).css ( \"height\", mdSpacing );\n            } else if ( window.matchMedia(\"(max-width: 991px) and (min-width: 768px )\").matches && smSpacing ) {\n                $( '#' + spacingID ).css ( \"height\", smSpacing );\n            } else if ( window.matchMedia(\"(max-width: 767px)\").matches && xsSpacing ) {\n                $( '#' + spacingID ).css ( \"height\", xsSpacing );\n            } else {\n                $( '#' + spacingID ).css ( \"height\", \"\" );\n            }\n        }\n\n        $(document).ready(function() {\n            stmSpacing();\n        });\n\n        $(window).resize(function() {\n            stmSpacing();\n        });\n\n    })(jQuery);\n<\/script><\/div><\/div><\/div><\/div><div class=\"vc_row wpb_row vc_row-fluid vc_custom_1585837190289\"><div class=\"wpb_column vc_column_container vc_col-sm-12\"><div class=\"vc_column-inner\"><div class=\"wpb_wrapper\"><\/div><\/div><\/div><\/div>","protected":false},"excerpt":{"rendered":"Raul Uus Raul Uus on ettev\u00f5tjana aastaid tegutsenud Kesk-Aasia piirkonnas ning seega vahetult n\u00e4inud potentsiaali sealsetel turgudel koost\u00f6\u00f6 arendamiseks erinevates valdkondades. Olles pidevas kontaktis saatkondade ning diplomaatidega on selge, et Baltikumi ja Kesk-Aasia piirkonna ettev\u00f5tjatel ja ametiasutustel on koost\u00f6\u00f6 edendamiseks vaja esindusorganisatsiooni. \u00c4ri- ja suhtlustavad on antud riikides v\u00e4ga erinevad ning vajavad paindlikku l\u00e4henemist. Sellest","protected":false},"author":1,"featured_media":0,"parent":0,"menu_order":0,"comment_status":"closed","ping_status":"closed","template":"","meta":{"footnotes":""},"class_list":["post-6195","page","type-page","status-publish","hentry"],"yoast_head":"<!-- This site is optimized with the Yoast SEO plugin v23.1 - https:\/\/yoast.com\/wordpress\/plugins\/seo\/ -->\n<title>Juhatus - Balti Kesk-Aasia Kaubanduskoda<\/title>\n<meta name=\"robots\" content=\"index, follow, max-snippet:-1, max-image-preview:large, max-video-preview:-1\" \/>\n<link rel=\"canonical\" href=\"https:\/\/bcacc.eu\/en\/juhatus\/\" \/>\n<meta property=\"og:locale\" content=\"en_US\" \/>\n<meta property=\"og:type\" content=\"article\" \/>\n<meta property=\"og:title\" content=\"Juhatus - Balti Kesk-Aasia Kaubanduskoda\" \/>\n<meta property=\"og:url\" content=\"https:\/\/bcacc.eu\/en\/juhatus\/\" \/>\n<meta property=\"og:site_name\" content=\"Balti Kesk-Aasia Kaubanduskoda\" \/>\n<meta property=\"article:publisher\" content=\"https:\/\/facebook.com\/bcacc\" \/>\n<meta property=\"article:modified_time\" content=\"2023-02-27T13:41:45+00:00\" \/>\n<meta property=\"og:image\" content=\"https:\/\/bcacc.eu\/wp-content\/uploads\/2022\/11\/BCACC-logo-ilma-taustata.png\" \/>\n\t<meta property=\"og:image:width\" content=\"688\" \/>\n\t<meta property=\"og:image:height\" content=\"688\" \/>\n\t<meta property=\"og:image:type\" content=\"image\/png\" \/>\n<meta name=\"twitter:card\" content=\"summary_large_image\" \/>\n<meta name=\"twitter:label1\" content=\"Est. reading time\" \/>\n\t<meta name=\"twitter:data1\" content=\"1 minute\" \/>\n<script type=\"application\/ld+json\" class=\"yoast-schema-graph\">{\"@context\":\"https:\/\/schema.org\",\"@graph\":[{\"@type\":\"WebPage\",\"@id\":\"https:\/\/bcacc.eu\/juhatus\/\",\"url\":\"https:\/\/bcacc.eu\/juhatus\/\",\"name\":\"Juhatus - Balti Kesk-Aasia Kaubanduskoda\",\"isPartOf\":{\"@id\":\"https:\/\/bcacc.eu\/#website\"},\"datePublished\":\"2019-11-22T11:16:32+00:00\",\"dateModified\":\"2023-02-27T13:41:45+00:00\",\"breadcrumb\":{\"@id\":\"https:\/\/bcacc.eu\/juhatus\/#breadcrumb\"},\"inLanguage\":\"en-US\",\"potentialAction\":[{\"@type\":\"ReadAction\",\"target\":[\"https:\/\/bcacc.eu\/juhatus\/\"]}]},{\"@type\":\"BreadcrumbList\",\"@id\":\"https:\/\/bcacc.eu\/juhatus\/#breadcrumb\",\"itemListElement\":[{\"@type\":\"ListItem\",\"position\":1,\"name\":\"Home\",\"item\":\"https:\/\/bcacc.eu\/\"},{\"@type\":\"ListItem\",\"position\":2,\"name\":\"Juhatus\"}]},{\"@type\":\"WebSite\",\"@id\":\"https:\/\/bcacc.eu\/#website\",\"url\":\"https:\/\/bcacc.eu\/\",\"name\":\"Balti Kesk-Aasia Kaubanduskoda\",\"description\":\"Business and people network\",\"publisher\":{\"@id\":\"https:\/\/bcacc.eu\/#organization\"},\"alternateName\":\"Baltic Central-Asia Chamber of Commerce\",\"potentialAction\":[{\"@type\":\"SearchAction\",\"target\":{\"@type\":\"EntryPoint\",\"urlTemplate\":\"https:\/\/bcacc.eu\/?s={search_term_string}\"},\"query-input\":\"required name=search_term_string\"}],\"inLanguage\":\"en-US\"},{\"@type\":\"Organization\",\"@id\":\"https:\/\/bcacc.eu\/#organization\",\"name\":\"Baltic Central Asia Chamber of Commerce\",\"alternateName\":\"Balti Kesk-Aasia kaubanduskoda MT\u00dc\",\"url\":\"https:\/\/bcacc.eu\/\",\"logo\":{\"@type\":\"ImageObject\",\"inLanguage\":\"en-US\",\"@id\":\"https:\/\/bcacc.eu\/#\/schema\/logo\/image\/\",\"url\":\"https:\/\/bcacc.eu\/wp-content\/uploads\/2022\/11\/BCACC-logo-ilma-taustata.png\",\"contentUrl\":\"https:\/\/bcacc.eu\/wp-content\/uploads\/2022\/11\/BCACC-logo-ilma-taustata.png\",\"width\":688,\"height\":688,\"caption\":\"Baltic Central Asia Chamber of Commerce\"},\"image\":{\"@id\":\"https:\/\/bcacc.eu\/#\/schema\/logo\/image\/\"},\"sameAs\":[\"https:\/\/facebook.com\/bcacc\"]}]}<\/script>\n<!-- \/ Yoast SEO plugin. -->","yoast_head_json":{"title":"Juhatus - Balti Kesk-Aasia Kaubanduskoda","robots":{"index":"index","follow":"follow","max-snippet":"max-snippet:-1","max-image-preview":"max-image-preview:large","max-video-preview":"max-video-preview:-1"},"canonical":"https:\/\/bcacc.eu\/en\/juhatus\/","og_locale":"en_US","og_type":"article","og_title":"Juhatus - Balti Kesk-Aasia Kaubanduskoda","og_url":"https:\/\/bcacc.eu\/en\/juhatus\/","og_site_name":"Balti Kesk-Aasia Kaubanduskoda","article_publisher":"https:\/\/facebook.com\/bcacc","article_modified_time":"2023-02-27T13:41:45+00:00","og_image":[{"width":688,"height":688,"url":"https:\/\/bcacc.eu\/wp-content\/uploads\/2022\/11\/BCACC-logo-ilma-taustata.png","type":"image\/png"}],"twitter_card":"summary_large_image","twitter_misc":{"Est. reading time":"1 minute"},"schema":{"@context":"https:\/\/schema.org","@graph":[{"@type":"WebPage","@id":"https:\/\/bcacc.eu\/juhatus\/","url":"https:\/\/bcacc.eu\/juhatus\/","name":"Juhatus - Balti Kesk-Aasia Kaubanduskoda","isPartOf":{"@id":"https:\/\/bcacc.eu\/#website"},"datePublished":"2019-11-22T11:16:32+00:00","dateModified":"2023-02-27T13:41:45+00:00","breadcrumb":{"@id":"https:\/\/bcacc.eu\/juhatus\/#breadcrumb"},"inLanguage":"en-US","potentialAction":[{"@type":"ReadAction","target":["https:\/\/bcacc.eu\/juhatus\/"]}]},{"@type":"BreadcrumbList","@id":"https:\/\/bcacc.eu\/juhatus\/#breadcrumb","itemListElement":[{"@type":"ListItem","position":1,"name":"Home","item":"https:\/\/bcacc.eu\/"},{"@type":"ListItem","position":2,"name":"Juhatus"}]},{"@type":"WebSite","@id":"https:\/\/bcacc.eu\/#website","url":"https:\/\/bcacc.eu\/","name":"Balti Kesk-Aasia Kaubanduskoda","description":"Business and people network","publisher":{"@id":"https:\/\/bcacc.eu\/#organization"},"alternateName":"Baltic Central-Asia Chamber of Commerce","potentialAction":[{"@type":"SearchAction","target":{"@type":"EntryPoint","urlTemplate":"https:\/\/bcacc.eu\/?s={search_term_string}"},"query-input":"required name=search_term_string"}],"inLanguage":"en-US"},{"@type":"Organization","@id":"https:\/\/bcacc.eu\/#organization","name":"Baltic Central Asia Chamber of Commerce","alternateName":"Balti Kesk-Aasia kaubanduskoda MT\u00dc","url":"https:\/\/bcacc.eu\/","logo":{"@type":"ImageObject","inLanguage":"en-US","@id":"https:\/\/bcacc.eu\/#\/schema\/logo\/image\/","url":"https:\/\/bcacc.eu\/wp-content\/uploads\/2022\/11\/BCACC-logo-ilma-taustata.png","contentUrl":"https:\/\/bcacc.eu\/wp-content\/uploads\/2022\/11\/BCACC-logo-ilma-taustata.png","width":688,"height":688,"caption":"Baltic Central Asia Chamber of Commerce"},"image":{"@id":"https:\/\/bcacc.eu\/#\/schema\/logo\/image\/"},"sameAs":["https:\/\/facebook.com\/bcacc"]}]}},"jetpack_sharing_enabled":true,"_links":{"self":[{"href":"https:\/\/bcacc.eu\/en\/wp-json\/wp\/v2\/pages\/6195","targetHints":{"allow":["GET"]}}],"collection":[{"href":"https:\/\/bcacc.eu\/en\/wp-json\/wp\/v2\/pages"}],"about":[{"href":"https:\/\/bcacc.eu\/en\/wp-json\/wp\/v2\/types\/page"}],"author":[{"embeddable":true,"href":"https:\/\/bcacc.eu\/en\/wp-json\/wp\/v2\/users\/1"}],"replies":[{"embeddable":true,"href":"https:\/\/bcacc.eu\/en\/wp-json\/wp\/v2\/comments?post=6195"}],"version-history":[{"count":6,"href":"https:\/\/bcacc.eu\/en\/wp-json\/wp\/v2\/pages\/6195\/revisions"}],"predecessor-version":[{"id":7517,"href":"https:\/\/bcacc.eu\/en\/wp-json\/wp\/v2\/pages\/6195\/revisions\/7517"}],"wp:attachment":[{"href":"https:\/\/bcacc.eu\/en\/wp-json\/wp\/v2\/media?parent=6195"}],"curies":[{"name":"wp","href":"https:\/\/api.w.org\/{rel}","templated":true}]}}